{"id":121,"date":"2015-07-18T09:28:32","date_gmt":"2015-07-18T09:28:32","guid":{"rendered":"https:\/\/arredamentoedintorni.com\/novedil\/?page_id=121"},"modified":"2025-10-21T13:01:29","modified_gmt":"2025-10-21T11:01:29","slug":"servizi","status":"publish","type":"page","link":"https:\/\/arredamentoedintorni.com\/novedil\/servizi\/","title":{"rendered":"Servizi"},"content":{"rendered":"<div class=\"wpb-content-wrapper\"><p>[vc_row layout=&#8221;boxed&#8221; parallax_style=&#8221;none&#8221; parallax_scroll_effect=&#8221;fixed&#8221; css=&#8221;.vc_custom_1756227909118{margin-bottom: 35px !important;}&#8221;][vc_column width=&#8221;1\/3&#8243; css=&#8221;.vc_custom_1756228653709{padding-right: 15px !important;padding-bottom: 15px !important;padding-left: 15px !important;}&#8221;][vc_single_image image=&#8221;1026&#8243; img_size=&#8221;full&#8221; css=&#8221;.vc_custom_1756229034431{margin-bottom: 25px !important;}&#8221;]\t\t\t<div\n\t\t\t\tclass=\"darna-icon-box style1 \" >\n\t\t\t\t<a class=\"ibox-icon\" title=\"\"\n\t\t\t\t   target=\"_self\" href=\"#\">\n\t\t\t\t\t\t\t\t\t\t\t<i class=\"flaticon-cube9\"><\/i>\n\t\t\t\t\t\t\t\t\t<\/a>\n\t\t\t\t\t\t\t\t\t<h3><a title=\"\" target=\"_self\"\n\t\t\t\t\t       href=\"#\">NUOVE COSTRUZIONI E RISTRUTTURAZIONI SU APPALTI PRIVATI DIRETTI<\/a><\/h3>\n\t\t\t\t\t\t\t<\/div>\n\t\t\t[vc_column_text css=&#8221;.vc_custom_1761044485586{margin-top: 10px !important;}&#8221;]<\/p>\n<p data-start=\"0\" data-end=\"307\">Esperienza di eccellenza nel settore delle nuove costruzioni e ristrutturazioni su appalti privati diretti. Il nostro team altamente qualificato si dedica alla progettazione e alla realizzazione di soluzioni personalizzate, curate in ogni dettaglio per rispondere alle esigenze specifiche di ogni cliente.<\/p>\n<p data-start=\"309\" data-end=\"634\">La qualit\u00e0 artigianale, l\u2019innovazione tecnologica e la puntualit\u00e0 operativa sono i pilastri della nostra filosofia aziendale, che garantisce processi trasparenti, tempi certi e risultati di lunga durata. Offriamo un percorso completo, dalla consulenza iniziale alla consegna finale, per un\u2019esperienza fluida e senza stress.<\/p>\n<p data-start=\"636\" data-end=\"815\">Affidatevi a noi per valorizzare e trasformare la vostra residenza o il vostro spazio commerciale con interventi di alta qualit\u00e0, estetica contemporanea e affidabilit\u00e0 assoluta.<\/p>\n<p>[\/vc_column_text][\/vc_column][vc_column width=&#8221;1\/3&#8243;][vc_single_image image=&#8221;1027&#8243; img_size=&#8221;full&#8221; css=&#8221;.vc_custom_1756229046830{margin-bottom: 25px !important;}&#8221;]\t\t\t<div\n\t\t\t\tclass=\"darna-icon-box style1 \" >\n\t\t\t\t<a class=\"ibox-icon\" title=\"\"\n\t\t\t\t   target=\"_self\" href=\"#\">\n\t\t\t\t\t\t\t\t\t\t\t<i class=\"fa fa-suitcase\"><\/i>\n\t\t\t\t\t\t\t\t\t<\/a>\n\t\t\t\t\t\t\t\t\t<h3><a title=\"\" target=\"_self\"\n\t\t\t\t\t       href=\"#\">NUOVE COSTRUZIONI E RISTRUTTURAZIONI IN PROPRIO PER SUCCESSIVA VENDITA<\/a><\/h3>\n\t\t\t\t\t\t\t<\/div>\n\t\t\t[vc_column_text css=&#8221;.vc_custom_1761044286263{margin-top: 10px !important;}&#8221;]Esplorate nuove possibilit\u00e0 nel settore delle costruzioni e ristrutturazioni per successiva vendita con il nostro team dedicato. Specializzati in alta qualit\u00e0 e innovazione, ci impegniamo a fornire soluzioni su misura per valorizzare il vostro progetto immobiliare.<\/p>\n<p>Dalla progettazione alla realizzazione, garantiamo un approccio efficiente e risultati eccellenti. Collaboriamo con voi per capire le vostre mete e tradurle in spazi abitativi o commerciali attraenti e funzionali.<\/p>\n<p>La nostra filosofia \u00e8 centrata sulla qualit\u00e0 artigianale, con attenzione a ogni dettaglio per riflettere cura e impegno. Con comunicazione aperta, coinvolgiamo attivamente voi in ogni fase, rendendo l&#8217;esperienza di costruzione fluida ed efficace.<\/p>\n<p>Siamo pronti a trasformare le vostre idee in soluzioni innovative e di alta qualit\u00e0 per valorizzare il vostro investimento immobiliare.[\/vc_column_text][\/vc_column][vc_column width=&#8221;1\/3&#8243;][vc_single_image image=&#8221;1028&#8243; img_size=&#8221;full&#8221; css=&#8221;.vc_custom_1756229058246{margin-bottom: 25px !important;}&#8221;]\t\t\t<div\n\t\t\t\tclass=\"darna-icon-box style1 \" >\n\t\t\t\t<a class=\"ibox-icon\" title=\"\"\n\t\t\t\t   target=\"_self\" href=\"#\">\n\t\t\t\t\t\t\t\t\t\t\t<i class=\"fa fa-building\"><\/i>\n\t\t\t\t\t\t\t\t\t<\/a>\n\t\t\t\t\t\t\t\t\t<h3><a title=\"\" target=\"_self\"\n\t\t\t\t\t       href=\"#\">LA TUA CASA SU MISURA<\/a><\/h3>\n\t\t\t\t\t\t\t<\/div>\n\t\t\t[vc_column_text css=&#8221;.vc_custom_1761044451122{margin-top: 10px !important;}&#8221;]<\/p>\n<p data-start=\"0\" data-end=\"319\">Immersi nel mondo delle nuove costruzioni e ristrutturazioni, offriamo un servizio completo per dare forma al tuo progetto su misura. Che tu disponga di un terreno o di un edificio da rinnovare, il nostro servizio \u201cAll Inclusive\u201d copre ogni fase, dalla progettazione alla realizzazione, con costi certi e trasparenti.<\/p>\n<p data-start=\"321\" data-end=\"542\">Tutto inizia con lo studio di fattibilit\u00e0, seguito da una progettazione accurata e dalla gestione delle pratiche, cos\u00ec da semplificare ogni passaggio. Il nostro team cura ogni dettaglio con professionalit\u00e0 e attenzione.<\/p>\n<p data-start=\"544\" data-end=\"756\">L\u2019approccio \u201cchiavi in mano\u201d garantisce serenit\u00e0 e un unico interlocutore sempre al tuo fianco. Con il nostro supporto, trasformiamo le tue idee in spazi concreti, realizzati con qualit\u00e0, efficienza e passione.<\/p>\n<p>[\/vc_column_text][\/vc_column][\/vc_row][vc_row layout=&#8221;boxed&#8221; parallax_style=&#8221;none&#8221; parallax_scroll_effect=&#8221;fixed&#8221; css=&#8221;.vc_custom_1760993595376{margin-top: 20px !important;margin-bottom: 80px !important;}&#8221;][vc_column width=&#8221;1\/3&#8243;][vc_single_image image=&#8221;1029&#8243; img_size=&#8221;full&#8221; css=&#8221;.vc_custom_1756229073847{margin-bottom: 25px !important;}&#8221;]\t\t\t<div\n\t\t\t\tclass=\"darna-icon-box style1 \" >\n\t\t\t\t<a class=\"ibox-icon\" title=\"\"\n\t\t\t\t   target=\"_self\" href=\"#\">\n\t\t\t\t\t\t\t\t\t\t\t<i class=\"flaticon-leaf32\"><\/i>\n\t\t\t\t\t\t\t\t\t<\/a>\n\t\t\t\t\t\t\t\t\t<h3><a title=\"\" target=\"_self\"\n\t\t\t\t\t       href=\"#\">RIQUALIFICAZIONE ENERGETICA CON DISBRIGO DI PRATICHE BUROCRATICHE E FISCALI<\/a><\/h3>\n\t\t\t\t\t\t\t<\/div>\n\t\t\t[vc_column_text css=&#8221;.vc_custom_1761044309768{margin-top: 10px !important;}&#8221;]Offriamo un servizio completo di riqualificazione energetica, inclusivo del coordinamento e gestione di tutte le pratiche burocratiche e fiscali necessarie.<\/p>\n<p>Il nostro team specializzato si occupa dell&#8217;analisi energetica degli edifici, progettando interventi mirati per migliorare l&#8217;efficienza energetica e ridurre i consumi. Ci occupiamo inoltre di tutta la documentazione burocratica e delle formalit\u00e0 fiscali, semplificando il percorso per i nostri clienti.<\/p>\n<p>Con la nostra assistenza, la riqualificazione energetica diventa un processo agevole e trasparente, consentendo di ottenere vantaggi sia ambientali che economici in modo efficiente.[\/vc_column_text][\/vc_column][vc_column width=&#8221;1\/3&#8243;][vc_single_image image=&#8221;1030&#8243; img_size=&#8221;full&#8221; css=&#8221;.vc_custom_1756229085797{margin-bottom: 25px !important;}&#8221;]\t\t\t<div\n\t\t\t\tclass=\"darna-icon-box style1 \" >\n\t\t\t\t<a class=\"ibox-icon\" title=\"\"\n\t\t\t\t   target=\"_self\" href=\"#\">\n\t\t\t\t\t\t\t\t\t\t\t<i class=\"fa fa-building-o\"><\/i>\n\t\t\t\t\t\t\t\t\t<\/a>\n\t\t\t\t\t\t\t\t\t<h3><a title=\"\" target=\"_self\"\n\t\t\t\t\t       href=\"#\">MANUTENZIONE ORDINARIA E STRAORDINARIA IN GENERE DI COPERTURE, APPARTAMENTI<\/a><\/h3>\n\t\t\t\t\t\t\t<\/div>\n\t\t\t[vc_column_text css=&#8221;.vc_custom_1761044320122{margin-top: 10px !important;}&#8221;]Prova il nostro servizio completo di manutenzione ordinaria e straordinaria per coperture e appartamenti, garantendo cos\u00ec la cura e la sicurezza degli spazi abitativi.<\/p>\n<p>La nostra equipe altamente qualificata si occupa di interventi regolari per preservare l&#8217;integrit\u00e0 strutturale e funzionale degli edifici, effettuando controlli periodici, pulizie approfondite e piccole riparazioni.<\/p>\n<p>Inoltre, siamo specializzati in interventi straordinari, gestendo progetti di ristrutturazione, rifacimenti e miglioramenti estetici, assicurando sempre standard elevati di qualit\u00e0 e professionalit\u00e0.<\/p>\n<p>Con il nostro impegno, garantiamo ambienti residenziali sicuri, funzionali e esteticamente gradevoli per la soddisfazione totale dei nostri clienti.[\/vc_column_text][\/vc_column][vc_column width=&#8221;1\/3&#8243;][vc_single_image image=&#8221;1031&#8243; img_size=&#8221;full&#8221; css=&#8221;.vc_custom_1756229098564{margin-bottom: 25px !important;}&#8221;]\t\t\t<div\n\t\t\t\tclass=\"darna-icon-box style1 \" >\n\t\t\t\t<a class=\"ibox-icon\" title=\"\"\n\t\t\t\t   target=\"_self\" href=\"#\">\n\t\t\t\t\t\t\t\t\t\t\t<i class=\"fa fa-users\"><\/i>\n\t\t\t\t\t\t\t\t\t<\/a>\n\t\t\t\t\t\t\t\t\t<h3><a title=\"\" target=\"_self\"\n\t\t\t\t\t       href=\"#\">OGNI ALTRA VOSTRA ESIGENZA ANCHE SPECIFICA INERENTE L&#039;EDILIZIA IN GENERE<\/a><\/h3>\n\t\t\t\t\t\t\t<\/div>\n\t\t\t[vc_column_text css=&#8221;.vc_custom_1761044329135{margin-top: 10px !important;}&#8221;]Siamo pronti a soddisfare ogni altra vostra esigenza, anche la pi\u00f9 specifica, legata all&#8217;edilizia in generale.<\/p>\n<p>La nostra flessibilit\u00e0 e competenza ci consentono di affrontare sfide uniche e progetti personalizzati.<\/p>\n<p>Che si tratti di progettazione, consulenza, risoluzione di problematiche specifiche o interventi particolari, il nostro team esperto \u00e8 disponibile a collaborare con voi per garantire la realizzazione di qualsiasi idea o richiesta.<\/p>\n<p>Affidandovi a noi, avrete a disposizione un partner affidabile e competente per affrontare con successo qualsiasi sfida nel campo dell&#8217;edilizia, assicurando la vostra completa soddisfazione.[\/vc_column_text][\/vc_column][\/vc_row]<\/p>\n<\/div>","protected":false},"excerpt":{"rendered":"<p>[vc_row layout=&#8221;boxed&#8221; parallax_style=&#8221;none&#8221; parallax_scroll_effect=&#8221;fixed&#8221; css=&#8221;.vc_custom_1756227909118{margin-bottom: 35px !important;}&#8221;][vc_column width=&#8221;1\/3&#8243; css=&#8221;.vc_custom_1756228653709{padding-right: 15px !important;padding-bottom: 15px !important;padding-left: 15px !important;}&#8221;][vc_single_image image=&#8221;1026&#8243; img_size=&#8221;full&#8221; css=&#8221;.vc_custom_1756229034431{margin-bottom: 25px !important;}&#8221;][vc_column_text css=&#8221;.vc_custom_1761044485586{margin-top: 10px !important;}&#8221;] Esperienza di eccellenza nel settore delle nuove costruzioni e ristrutturazioni su appalti privati diretti. Il nostro team altamente qualificato si dedica alla progettazione e alla realizzazione di soluzioni personalizzate, curate in ogni [&hellip;]<\/p>\n","protected":false},"author":1,"featured_media":0,"parent":0,"menu_order":0,"comment_status":"closed","ping_status":"closed","template":"","meta":{"footnotes":""},"class_list":["post-121","page","type-page","status-publish","hentry"],"yoast_head":"<!-- This site is optimized with the Yoast SEO plugin v26.2 - https:\/\/yoast.com\/wordpress\/plugins\/seo\/ -->\n<title>Servizi - Novedil Impresa edile Udine<\/title>\n<meta name=\"robots\" content=\"noindex, follow, max-snippet:-1, max-image-preview:large, max-video-preview:-1\" \/>\n<meta property=\"og:locale\" content=\"en_US\" \/>\n<meta property=\"og:type\" content=\"article\" \/>\n<meta property=\"og:title\" content=\"Servizi - Novedil Impresa edile Udine\" \/>\n<meta property=\"og:description\" content=\"[vc_row layout=&#8221;boxed&#8221; parallax_style=&#8221;none&#8221; parallax_scroll_effect=&#8221;fixed&#8221; css=&#8221;.vc_custom_1756227909118{margin-bottom: 35px !important;}&#8221;][vc_column width=&#8221;1\/3&#8243; css=&#8221;.vc_custom_1756228653709{padding-right: 15px !important;padding-bottom: 15px !important;padding-left: 15px !important;}&#8221;][vc_single_image image=&#8221;1026&#8243; img_size=&#8221;full&#8221; css=&#8221;.vc_custom_1756229034431{margin-bottom: 25px !important;}&#8221;][vc_column_text css=&#8221;.vc_custom_1761044485586{margin-top: 10px !important;}&#8221;] Esperienza di eccellenza nel settore delle nuove costruzioni e ristrutturazioni su appalti privati diretti. Il nostro team altamente qualificato si dedica alla progettazione e alla realizzazione di soluzioni personalizzate, curate in ogni [&hellip;]\" \/>\n<meta property=\"og:url\" content=\"https:\/\/arredamentoedintorni.com\/novedil\/servizi\/\" \/>\n<meta property=\"og:site_name\" content=\"Novedil\" \/>\n<meta property=\"article:modified_time\" content=\"2025-10-21T11:01:29+00:00\" \/>\n<meta name=\"twitter:card\" content=\"summary_large_image\" \/>\n<meta name=\"twitter:label1\" content=\"Est. reading time\" \/>\n\t<meta name=\"twitter:data1\" content=\"5 minutes\" \/>\n<script type=\"application\/ld+json\" class=\"yoast-schema-graph\">{\"@context\":\"https:\/\/schema.org\",\"@graph\":[{\"@type\":\"WebPage\",\"@id\":\"https:\/\/arredamentoedintorni.com\/novedil\/servizi\/\",\"url\":\"https:\/\/arredamentoedintorni.com\/novedil\/servizi\/\",\"name\":\"Servizi - Novedil Impresa edile Udine\",\"isPartOf\":{\"@id\":\"https:\/\/arredamentoedintorni.com\/novedil\/#website\"},\"datePublished\":\"2015-07-18T09:28:32+00:00\",\"dateModified\":\"2025-10-21T11:01:29+00:00\",\"breadcrumb\":{\"@id\":\"https:\/\/arredamentoedintorni.com\/novedil\/servizi\/#breadcrumb\"},\"inLanguage\":\"en-US\",\"potentialAction\":[{\"@type\":\"ReadAction\",\"target\":[\"https:\/\/arredamentoedintorni.com\/novedil\/servizi\/\"]}]},{\"@type\":\"BreadcrumbList\",\"@id\":\"https:\/\/arredamentoedintorni.com\/novedil\/servizi\/#breadcrumb\",\"itemListElement\":[{\"@type\":\"ListItem\",\"position\":1,\"name\":\"Home\",\"item\":\"https:\/\/arredamentoedintorni.com\/novedil\/\"},{\"@type\":\"ListItem\",\"position\":2,\"name\":\"Servizi\"}]},{\"@type\":\"WebSite\",\"@id\":\"https:\/\/arredamentoedintorni.com\/novedil\/#website\",\"url\":\"https:\/\/arredamentoedintorni.com\/novedil\/\",\"name\":\"Novedil\",\"description\":\"Impresa edile Udine\",\"potentialAction\":[{\"@type\":\"SearchAction\",\"target\":{\"@type\":\"EntryPoint\",\"urlTemplate\":\"https:\/\/arredamentoedintorni.com\/novedil\/?s={search_term_string}\"},\"query-input\":{\"@type\":\"PropertyValueSpecification\",\"valueRequired\":true,\"valueName\":\"search_term_string\"}}],\"inLanguage\":\"en-US\"}]}<\/script>\n<!-- \/ Yoast SEO plugin. -->","yoast_head_json":{"title":"Servizi - Novedil Impresa edile Udine","robots":{"index":"noindex","follow":"follow","max-snippet":"max-snippet:-1","max-image-preview":"max-image-preview:large","max-video-preview":"max-video-preview:-1"},"og_locale":"en_US","og_type":"article","og_title":"Servizi - Novedil Impresa edile Udine","og_description":"[vc_row layout=&#8221;boxed&#8221; parallax_style=&#8221;none&#8221; parallax_scroll_effect=&#8221;fixed&#8221; css=&#8221;.vc_custom_1756227909118{margin-bottom: 35px !important;}&#8221;][vc_column width=&#8221;1\/3&#8243; css=&#8221;.vc_custom_1756228653709{padding-right: 15px !important;padding-bottom: 15px !important;padding-left: 15px !important;}&#8221;][vc_single_image image=&#8221;1026&#8243; img_size=&#8221;full&#8221; css=&#8221;.vc_custom_1756229034431{margin-bottom: 25px !important;}&#8221;][vc_column_text css=&#8221;.vc_custom_1761044485586{margin-top: 10px !important;}&#8221;] Esperienza di eccellenza nel settore delle nuove costruzioni e ristrutturazioni su appalti privati diretti. Il nostro team altamente qualificato si dedica alla progettazione e alla realizzazione di soluzioni personalizzate, curate in ogni [&hellip;]","og_url":"https:\/\/arredamentoedintorni.com\/novedil\/servizi\/","og_site_name":"Novedil","article_modified_time":"2025-10-21T11:01:29+00:00","twitter_card":"summary_large_image","twitter_misc":{"Est. reading time":"5 minutes"},"schema":{"@context":"https:\/\/schema.org","@graph":[{"@type":"WebPage","@id":"https:\/\/arredamentoedintorni.com\/novedil\/servizi\/","url":"https:\/\/arredamentoedintorni.com\/novedil\/servizi\/","name":"Servizi - Novedil Impresa edile Udine","isPartOf":{"@id":"https:\/\/arredamentoedintorni.com\/novedil\/#website"},"datePublished":"2015-07-18T09:28:32+00:00","dateModified":"2025-10-21T11:01:29+00:00","breadcrumb":{"@id":"https:\/\/arredamentoedintorni.com\/novedil\/servizi\/#breadcrumb"},"inLanguage":"en-US","potentialAction":[{"@type":"ReadAction","target":["https:\/\/arredamentoedintorni.com\/novedil\/servizi\/"]}]},{"@type":"BreadcrumbList","@id":"https:\/\/arredamentoedintorni.com\/novedil\/servizi\/#breadcrumb","itemListElement":[{"@type":"ListItem","position":1,"name":"Home","item":"https:\/\/arredamentoedintorni.com\/novedil\/"},{"@type":"ListItem","position":2,"name":"Servizi"}]},{"@type":"WebSite","@id":"https:\/\/arredamentoedintorni.com\/novedil\/#website","url":"https:\/\/arredamentoedintorni.com\/novedil\/","name":"Novedil","description":"Impresa edile Udine","potentialAction":[{"@type":"SearchAction","target":{"@type":"EntryPoint","urlTemplate":"https:\/\/arredamentoedintorni.com\/novedil\/?s={search_term_string}"},"query-input":{"@type":"PropertyValueSpecification","valueRequired":true,"valueName":"search_term_string"}}],"inLanguage":"en-US"}]}},"_links":{"self":[{"href":"https:\/\/arredamentoedintorni.com\/novedil\/wp-json\/wp\/v2\/pages\/121","targetHints":{"allow":["GET"]}}],"collection":[{"href":"https:\/\/arredamentoedintorni.com\/novedil\/wp-json\/wp\/v2\/pages"}],"about":[{"href":"https:\/\/arredamentoedintorni.com\/novedil\/wp-json\/wp\/v2\/types\/page"}],"author":[{"embeddable":true,"href":"https:\/\/arredamentoedintorni.com\/novedil\/wp-json\/wp\/v2\/users\/1"}],"replies":[{"embeddable":true,"href":"https:\/\/arredamentoedintorni.com\/novedil\/wp-json\/wp\/v2\/comments?post=121"}],"version-history":[{"count":28,"href":"https:\/\/arredamentoedintorni.com\/novedil\/wp-json\/wp\/v2\/pages\/121\/revisions"}],"predecessor-version":[{"id":1074,"href":"https:\/\/arredamentoedintorni.com\/novedil\/wp-json\/wp\/v2\/pages\/121\/revisions\/1074"}],"wp:attachment":[{"href":"https:\/\/arredamentoedintorni.com\/novedil\/wp-json\/wp\/v2\/media?parent=121"}],"curies":[{"name":"wp","href":"https:\/\/api.w.org\/{rel}","templated":true}]}}