{"id":115,"date":"2015-07-18T09:24:26","date_gmt":"2015-07-18T09:24:26","guid":{"rendered":"https:\/\/arredamentoedintorni.com\/novedil\/?page_id=115"},"modified":"2025-10-23T17:41:58","modified_gmt":"2025-10-23T15:41:58","slug":"chi-siamo","status":"publish","type":"page","link":"https:\/\/arredamentoedintorni.com\/novedil\/chi-siamo\/","title":{"rendered":"Chi siamo"},"content":{"rendered":"<div class=\"wpb-content-wrapper\"><p>[vc_row layout=&#8221;boxed&#8221; parallax_style=&#8221;none&#8221; parallax_scroll_effect=&#8221;fixed&#8221; el_class=&#8221;margin-bottom-100&#8243;][vc_column]\t\t\t<div\n\t\t\t\tclass=\"darna-heading style1 \" >\n\t\t\t\t\t\t\t\t\t<h2>Novedil Costruzioni<\/h2>\n\t\t\t\t\t\t\t\t\t\t\t\t\t<p>Dal 1985 costruzioni e ristrutturazioni di fabbricati prevalentemente residenziali ``pensando alla sicurezza e benessere delle persone nel rispetto dell'ambiente``<\/p>\n\t\t\t\t\t\t\t<\/div>\n\t\t\t[\/vc_column][\/vc_row][vc_row layout=&#8221;boxed&#8221; parallax_style=&#8221;none&#8221; parallax_scroll_effect=&#8221;fixed&#8221; el_class=&#8221;margin-bottom-100&#8243;][vc_column width=&#8221;1\/2&#8243;][vc_row_inner parallax_style=&#8221;none&#8221; video_link=&#8221;&#8221; parallax_scroll_effect=&#8221;fixed&#8221;][vc_column_inner width=&#8221;1\/2&#8243;][vc_single_image image=&#8221;996&#8243; img_size=&#8221;full&#8221; alignment=&#8221;center&#8221; css=&#8221;.vc_custom_1756227360746{margin-bottom: 20px !important;}&#8221; el_class=&#8221;darna-single-image-style xs-margin-bottom-15&#8243;][vc_single_image image=&#8221;1000&#8243; img_size=&#8221;full&#8221; alignment=&#8221;center&#8221; css=&#8221;&#8221; el_class=&#8221;darna-single-image-style xs-margin-bottom-15&#8243;][\/vc_column_inner][vc_column_inner width=&#8221;1\/2&#8243;][vc_single_image image=&#8221;997&#8243; img_size=&#8221;full&#8221; alignment=&#8221;center&#8221; css=&#8221;.vc_custom_1756227218440{margin-bottom: 18px !important;}&#8221; el_class=&#8221;darna-single-image-style&#8221;][vc_single_image image=&#8221;998&#8243; img_size=&#8221;full&#8221; alignment=&#8221;center&#8221; css=&#8221;&#8221; el_class=&#8221;darna-single-image-style xs-margin-bottom-15&#8243;][\/vc_column_inner][\/vc_row_inner][\/vc_column][vc_column width=&#8221;1\/2&#8243;][vc_column_text css=&#8221;&#8221;]Costruire case &#8220;<strong>pensando alla sicurezza e benessere delle persone nel rispetto dell&#8217;ambiente<\/strong>&#8221; \u00e8 la mission di Novedil Costruzioni.<\/p>\n<p>Siamo un&#8217;impresa edile operante nel campo delle costruzioni, ristrutturazioni ed iniziative immobiliari; acquistiamo terreni e\/o fabbricati da ristrutturare, progettiamo e realizziamo edifici prevalentemente residenziali dandone garanzie.<\/p>\n<p>Offriamo realizzazioni che incontrano il gusto pi\u00f9 tradizionale con particolare attenzione alle istanze di sicurezza, funzionalit\u00e0, confort, risparmio energetico; consapevoli di proporci ad un mercato sempre pi\u00f9 esigente, operiamo con maestranze proprie, progettisti ed artigiani di collaudata affidabilit\u00e0.<\/p>\n<p>Utilizziamo materiali, forniture e prodotti di ditte di primaria importanza nazionale e\/o europea per un risultato finale all&#8217;insegna della qualit\u00e0[\/vc_column_text][\/vc_column][\/vc_row]<\/p>\n<\/div>","protected":false},"excerpt":{"rendered":"<p>[vc_row layout=&#8221;boxed&#8221; parallax_style=&#8221;none&#8221; parallax_scroll_effect=&#8221;fixed&#8221; el_class=&#8221;margin-bottom-100&#8243;][vc_column][\/vc_column][\/vc_row][vc_row layout=&#8221;boxed&#8221; parallax_style=&#8221;none&#8221; parallax_scroll_effect=&#8221;fixed&#8221; el_class=&#8221;margin-bottom-100&#8243;][vc_column width=&#8221;1\/2&#8243;][vc_row_inner parallax_style=&#8221;none&#8221; video_link=&#8221;&#8221; parallax_scroll_effect=&#8221;fixed&#8221;][vc_column_inner width=&#8221;1\/2&#8243;][vc_single_image image=&#8221;996&#8243; img_size=&#8221;full&#8221; alignment=&#8221;center&#8221; css=&#8221;.vc_custom_1756227360746{margin-bottom: 20px !important;}&#8221; el_class=&#8221;darna-single-image-style xs-margin-bottom-15&#8243;][vc_single_image image=&#8221;1000&#8243; img_size=&#8221;full&#8221; alignment=&#8221;center&#8221; css=&#8221;&#8221; el_class=&#8221;darna-single-image-style xs-margin-bottom-15&#8243;][\/vc_column_inner][vc_column_inner width=&#8221;1\/2&#8243;][vc_single_image image=&#8221;997&#8243; img_size=&#8221;full&#8221; alignment=&#8221;center&#8221; css=&#8221;.vc_custom_1756227218440{margin-bottom: 18px !important;}&#8221; el_class=&#8221;darna-single-image-style&#8221;][vc_single_image image=&#8221;998&#8243; img_size=&#8221;full&#8221; alignment=&#8221;center&#8221; css=&#8221;&#8221; el_class=&#8221;darna-single-image-style xs-margin-bottom-15&#8243;][\/vc_column_inner][\/vc_row_inner][\/vc_column][vc_column width=&#8221;1\/2&#8243;][vc_column_text css=&#8221;&#8221;]Costruire case &#8220;pensando alla sicurezza e benessere delle persone nel rispetto dell&#8217;ambiente&#8221; [&hellip;]<\/p>\n","protected":false},"author":1,"featured_media":0,"parent":0,"menu_order":0,"comment_status":"closed","ping_status":"closed","template":"","meta":{"footnotes":""},"class_list":["post-115","page","type-page","status-publish","hentry"],"yoast_head":"<!-- This site is optimized with the Yoast SEO plugin v26.2 - https:\/\/yoast.com\/wordpress\/plugins\/seo\/ -->\n<title>Chi siamo - Novedil Impresa edile Udine<\/title>\n<meta name=\"robots\" content=\"noindex, follow, max-snippet:-1, max-image-preview:large, max-video-preview:-1\" \/>\n<meta property=\"og:locale\" content=\"en_US\" \/>\n<meta property=\"og:type\" content=\"article\" \/>\n<meta property=\"og:title\" content=\"Chi siamo - Novedil Impresa edile Udine\" \/>\n<meta property=\"og:description\" content=\"[vc_row layout=&#8221;boxed&#8221; parallax_style=&#8221;none&#8221; parallax_scroll_effect=&#8221;fixed&#8221; el_class=&#8221;margin-bottom-100&#8243;][vc_column][\/vc_column][\/vc_row][vc_row layout=&#8221;boxed&#8221; parallax_style=&#8221;none&#8221; parallax_scroll_effect=&#8221;fixed&#8221; el_class=&#8221;margin-bottom-100&#8243;][vc_column width=&#8221;1\/2&#8243;][vc_row_inner parallax_style=&#8221;none&#8221; video_link=&#8221;&#8221; parallax_scroll_effect=&#8221;fixed&#8221;][vc_column_inner width=&#8221;1\/2&#8243;][vc_single_image image=&#8221;996&#8243; img_size=&#8221;full&#8221; alignment=&#8221;center&#8221; css=&#8221;.vc_custom_1756227360746{margin-bottom: 20px !important;}&#8221; el_class=&#8221;darna-single-image-style xs-margin-bottom-15&#8243;][vc_single_image image=&#8221;1000&#8243; img_size=&#8221;full&#8221; alignment=&#8221;center&#8221; css=&#8221;&#8221; el_class=&#8221;darna-single-image-style xs-margin-bottom-15&#8243;][\/vc_column_inner][vc_column_inner width=&#8221;1\/2&#8243;][vc_single_image image=&#8221;997&#8243; img_size=&#8221;full&#8221; alignment=&#8221;center&#8221; css=&#8221;.vc_custom_1756227218440{margin-bottom: 18px !important;}&#8221; el_class=&#8221;darna-single-image-style&#8221;][vc_single_image image=&#8221;998&#8243; img_size=&#8221;full&#8221; alignment=&#8221;center&#8221; css=&#8221;&#8221; el_class=&#8221;darna-single-image-style xs-margin-bottom-15&#8243;][\/vc_column_inner][\/vc_row_inner][\/vc_column][vc_column width=&#8221;1\/2&#8243;][vc_column_text css=&#8221;&#8221;]Costruire case &#8220;pensando alla sicurezza e benessere delle persone nel rispetto dell&#8217;ambiente&#8221; [&hellip;]\" \/>\n<meta property=\"og:url\" content=\"https:\/\/arredamentoedintorni.com\/novedil\/chi-siamo\/\" \/>\n<meta property=\"og:site_name\" content=\"Novedil\" \/>\n<meta property=\"article:modified_time\" content=\"2025-10-23T15:41:58+00:00\" \/>\n<meta name=\"twitter:card\" content=\"summary_large_image\" \/>\n<meta name=\"twitter:label1\" content=\"Est. reading time\" \/>\n\t<meta name=\"twitter:data1\" content=\"2 minutes\" \/>\n<script type=\"application\/ld+json\" class=\"yoast-schema-graph\">{\"@context\":\"https:\/\/schema.org\",\"@graph\":[{\"@type\":\"WebPage\",\"@id\":\"https:\/\/arredamentoedintorni.com\/novedil\/chi-siamo\/\",\"url\":\"https:\/\/arredamentoedintorni.com\/novedil\/chi-siamo\/\",\"name\":\"Chi siamo - Novedil Impresa edile Udine\",\"isPartOf\":{\"@id\":\"https:\/\/arredamentoedintorni.com\/novedil\/#website\"},\"datePublished\":\"2015-07-18T09:24:26+00:00\",\"dateModified\":\"2025-10-23T15:41:58+00:00\",\"breadcrumb\":{\"@id\":\"https:\/\/arredamentoedintorni.com\/novedil\/chi-siamo\/#breadcrumb\"},\"inLanguage\":\"en-US\",\"potentialAction\":[{\"@type\":\"ReadAction\",\"target\":[\"https:\/\/arredamentoedintorni.com\/novedil\/chi-siamo\/\"]}]},{\"@type\":\"BreadcrumbList\",\"@id\":\"https:\/\/arredamentoedintorni.com\/novedil\/chi-siamo\/#breadcrumb\",\"itemListElement\":[{\"@type\":\"ListItem\",\"position\":1,\"name\":\"Home\",\"item\":\"https:\/\/arredamentoedintorni.com\/novedil\/\"},{\"@type\":\"ListItem\",\"position\":2,\"name\":\"Chi siamo\"}]},{\"@type\":\"WebSite\",\"@id\":\"https:\/\/arredamentoedintorni.com\/novedil\/#website\",\"url\":\"https:\/\/arredamentoedintorni.com\/novedil\/\",\"name\":\"Novedil\",\"description\":\"Impresa edile Udine\",\"potentialAction\":[{\"@type\":\"SearchAction\",\"target\":{\"@type\":\"EntryPoint\",\"urlTemplate\":\"https:\/\/arredamentoedintorni.com\/novedil\/?s={search_term_string}\"},\"query-input\":{\"@type\":\"PropertyValueSpecification\",\"valueRequired\":true,\"valueName\":\"search_term_string\"}}],\"inLanguage\":\"en-US\"}]}<\/script>\n<!-- \/ Yoast SEO plugin. -->","yoast_head_json":{"title":"Chi siamo - Novedil Impresa edile Udine","robots":{"index":"noindex","follow":"follow","max-snippet":"max-snippet:-1","max-image-preview":"max-image-preview:large","max-video-preview":"max-video-preview:-1"},"og_locale":"en_US","og_type":"article","og_title":"Chi siamo - Novedil Impresa edile Udine","og_description":"[vc_row layout=&#8221;boxed&#8221; parallax_style=&#8221;none&#8221; parallax_scroll_effect=&#8221;fixed&#8221; el_class=&#8221;margin-bottom-100&#8243;][vc_column][\/vc_column][\/vc_row][vc_row layout=&#8221;boxed&#8221; parallax_style=&#8221;none&#8221; parallax_scroll_effect=&#8221;fixed&#8221; el_class=&#8221;margin-bottom-100&#8243;][vc_column width=&#8221;1\/2&#8243;][vc_row_inner parallax_style=&#8221;none&#8221; video_link=&#8221;&#8221; parallax_scroll_effect=&#8221;fixed&#8221;][vc_column_inner width=&#8221;1\/2&#8243;][vc_single_image image=&#8221;996&#8243; img_size=&#8221;full&#8221; alignment=&#8221;center&#8221; css=&#8221;.vc_custom_1756227360746{margin-bottom: 20px !important;}&#8221; el_class=&#8221;darna-single-image-style xs-margin-bottom-15&#8243;][vc_single_image image=&#8221;1000&#8243; img_size=&#8221;full&#8221; alignment=&#8221;center&#8221; css=&#8221;&#8221; el_class=&#8221;darna-single-image-style xs-margin-bottom-15&#8243;][\/vc_column_inner][vc_column_inner width=&#8221;1\/2&#8243;][vc_single_image image=&#8221;997&#8243; img_size=&#8221;full&#8221; alignment=&#8221;center&#8221; css=&#8221;.vc_custom_1756227218440{margin-bottom: 18px !important;}&#8221; el_class=&#8221;darna-single-image-style&#8221;][vc_single_image image=&#8221;998&#8243; img_size=&#8221;full&#8221; alignment=&#8221;center&#8221; css=&#8221;&#8221; el_class=&#8221;darna-single-image-style xs-margin-bottom-15&#8243;][\/vc_column_inner][\/vc_row_inner][\/vc_column][vc_column width=&#8221;1\/2&#8243;][vc_column_text css=&#8221;&#8221;]Costruire case &#8220;pensando alla sicurezza e benessere delle persone nel rispetto dell&#8217;ambiente&#8221; [&hellip;]","og_url":"https:\/\/arredamentoedintorni.com\/novedil\/chi-siamo\/","og_site_name":"Novedil","article_modified_time":"2025-10-23T15:41:58+00:00","twitter_card":"summary_large_image","twitter_misc":{"Est. reading time":"2 minutes"},"schema":{"@context":"https:\/\/schema.org","@graph":[{"@type":"WebPage","@id":"https:\/\/arredamentoedintorni.com\/novedil\/chi-siamo\/","url":"https:\/\/arredamentoedintorni.com\/novedil\/chi-siamo\/","name":"Chi siamo - Novedil Impresa edile Udine","isPartOf":{"@id":"https:\/\/arredamentoedintorni.com\/novedil\/#website"},"datePublished":"2015-07-18T09:24:26+00:00","dateModified":"2025-10-23T15:41:58+00:00","breadcrumb":{"@id":"https:\/\/arredamentoedintorni.com\/novedil\/chi-siamo\/#breadcrumb"},"inLanguage":"en-US","potentialAction":[{"@type":"ReadAction","target":["https:\/\/arredamentoedintorni.com\/novedil\/chi-siamo\/"]}]},{"@type":"BreadcrumbList","@id":"https:\/\/arredamentoedintorni.com\/novedil\/chi-siamo\/#breadcrumb","itemListElement":[{"@type":"ListItem","position":1,"name":"Home","item":"https:\/\/arredamentoedintorni.com\/novedil\/"},{"@type":"ListItem","position":2,"name":"Chi siamo"}]},{"@type":"WebSite","@id":"https:\/\/arredamentoedintorni.com\/novedil\/#website","url":"https:\/\/arredamentoedintorni.com\/novedil\/","name":"Novedil","description":"Impresa edile Udine","potentialAction":[{"@type":"SearchAction","target":{"@type":"EntryPoint","urlTemplate":"https:\/\/arredamentoedintorni.com\/novedil\/?s={search_term_string}"},"query-input":{"@type":"PropertyValueSpecification","valueRequired":true,"valueName":"search_term_string"}}],"inLanguage":"en-US"}]}},"_links":{"self":[{"href":"https:\/\/arredamentoedintorni.com\/novedil\/wp-json\/wp\/v2\/pages\/115","targetHints":{"allow":["GET"]}}],"collection":[{"href":"https:\/\/arredamentoedintorni.com\/novedil\/wp-json\/wp\/v2\/pages"}],"about":[{"href":"https:\/\/arredamentoedintorni.com\/novedil\/wp-json\/wp\/v2\/types\/page"}],"author":[{"embeddable":true,"href":"https:\/\/arredamentoedintorni.com\/novedil\/wp-json\/wp\/v2\/users\/1"}],"replies":[{"embeddable":true,"href":"https:\/\/arredamentoedintorni.com\/novedil\/wp-json\/wp\/v2\/comments?post=115"}],"version-history":[{"count":12,"href":"https:\/\/arredamentoedintorni.com\/novedil\/wp-json\/wp\/v2\/pages\/115\/revisions"}],"predecessor-version":[{"id":1003,"href":"https:\/\/arredamentoedintorni.com\/novedil\/wp-json\/wp\/v2\/pages\/115\/revisions\/1003"}],"wp:attachment":[{"href":"https:\/\/arredamentoedintorni.com\/novedil\/wp-json\/wp\/v2\/media?parent=115"}],"curies":[{"name":"wp","href":"https:\/\/api.w.org\/{rel}","templated":true}]}}